{"id":847,"date":"2020-11-20T19:34:31","date_gmt":"2020-11-20T18:34:31","guid":{"rendered":"https:\/\/rhu-shiva.com\/fr\/?page_id=847"},"modified":"2020-11-25T17:44:02","modified_gmt":"2020-11-25T16:44:02","slug":"mentions_legales","status":"publish","type":"page","link":"https:\/\/rhu-shiva.com\/fr\/mentions_legales\/","title":{"rendered":"Mentions l\u00e9gales"},"content":{"rendered":"\n<h2 class=\"wp-block-heading\">Informations l\u00e9gales<\/h2>\n\n\n\n<h3 class=\"wp-block-heading\">1. Pr\u00e9sentation du site<\/h3>\n\n\n\n<p>Conform\u00e9ment aux dispositions des Articles 6-III et 19 de la Loi n\u00b02004-575 du 21 juin 2004 pour la Confiance dans l\u2019\u00e9conomie num\u00e9rique, dite L.C.E.N., il est port\u00e9 \u00e0 la connaissance des utilisateurs du site <a href=\"https:\/\/rhu-shiva.com\/\">https:\/\/rhu-shiva.com\/<\/a> les pr\u00e9sentes mentions l\u00e9gales.<\/p>\n\n\n\n<hr class=\"wp-block-separator\"\/>\n\n\n\n<p><strong>Propri\u00e9taire :<\/strong> RHU SHIVA \u2013 Bordeaux Population Health (BPH) Center \u2013 inserm U1219 ; Universit\u00e9 de Bordeaux ; 146 rue L\u00e9o Saignat 33076 BORDEAUX Cedex<\/p>\n\n\n\n<p><strong>Cr\u00e9ateur :<\/strong> <a href=\"https:\/\/qwetle.fr\/\" target=\"_blank\" rel=\"noreferrer noopener\">Qwetle <\/a>(L\u00e9o COUFFINHAL et Quentin RAVET)<\/p>\n\n\n\n<p><strong>Responsable publication :<\/strong> Pr St\u00e9phanie Debette (coordinatrice du projet RHU SHIVA) et Pr Thierry Couffinhal (co-coordonnateur du projet RHU SHIVA)<\/p>\n\n\n\n<p><strong>Contact Publication :<\/strong> Equipe de Gestion RHU SHIVA (<a href=\"mailto:rhu-shiva@u-bordeaux.fr\">rhu-shiva@u-<\/a><a href=\"mailto:rhu-shiva@u-bordeaux.fr\" target=\"_blank\" rel=\"noreferrer noopener\">bordeaux<\/a><a href=\"mailto:rhu-shiva@u-bordeaux.fr\">.fr<\/a>)<\/p>\n\n\n\n<p><strong>Webmaster :<\/strong> L\u00e9o COUFFINHAL \u2013 <a href=\"mailto:leo.couffinhal@qwetle.fr\">leo.couffinhal@<\/a><a href=\"mailto:leo.couffinhal@qwetle.fr\" target=\"_blank\" rel=\"noreferrer noopener\">qwetle<\/a><a href=\"mailto:leo.couffinhal@qwetle.fr\">.fr<\/a><\/p>\n\n\n\n<p><strong>H\u00e9bergeur :<\/strong> OVH \u2013 2 rue Kellermann &#8211; 59100 Roubaix \u2013 France<\/p>\n\n\n\n<hr class=\"wp-block-separator\"\/>\n\n\n\n<p>La connexion et\/ou la navigation sur le site rhu-shiva.com par l\u2019utilisateur implique acceptation int\u00e9grale et sans r\u00e9serve des pr\u00e9sentes mentions l\u00e9gales.<\/p>\n\n\n\n<p>Ces derni\u00e8res sont accessibles sur le site \u00e0 la rubrique \u00ab Mentions l\u00e9gales \u00bb.<\/p>\n\n\n\n<h3 class=\"wp-block-heading\">2. Conditions g\u00e9n\u00e9rales d\u2019utilisation du site et des services propos\u00e9s<\/h3>\n\n\n\n<p>L\u2019utilisation du site rhu-shiva.com implique l\u2019acceptation pleine et enti\u00e8re des conditions g\u00e9n\u00e9rales d\u2019utilisation ci-apr\u00e8s d\u00e9crites. Ces conditions d\u2019utilisation sont susceptibles d\u2019\u00eatre modifi\u00e9es ou compl\u00e9t\u00e9es \u00e0 tout moment, les utilisateurs du site rhu-shiva.com sont donc invit\u00e9s \u00e0 les consulter de mani\u00e8re r\u00e9guli\u00e8re.<br>Ce site est normalement accessible \u00e0 tout moment aux utilisateurs. Une interruption pour raison de maintenance technique peut \u00eatre toutefois d\u00e9cid\u00e9e par le RHU SHIVA, qui s\u2019efforcera alors de communiquer pr\u00e9alablement aux utilisateurs les dates et heures de l\u2019intervention.<br>Le site rhu-shiva.com est mis \u00e0 jour r\u00e9guli\u00e8rement par Qwetle.<\/p>\n\n\n\n<h3 class=\"wp-block-heading\">3. Description des services fournis.<\/h3>\n\n\n\n<p>Le site rhu-shiva.com a pour objet de fournir une information concernant l\u2019ensemble des activit\u00e9s du Consortium du projet de Recherche Hospitalo-Universitaire SHIVA.<br>Le RHU SHIVA s\u2019efforce de fournir sur son site des informations aussi pr\u00e9cises que possible. Toutefois, il ne pourra \u00eatre tenu responsable des omissions, des inexactitudes et des carences dans la mise \u00e0 jour, qu\u2019elles soient de son fait ou du fait des tiers partenaires qui lui fournissent ces informations.<\/p>\n\n\n\n<p>Toutes les informations indiqu\u00e9es sur le site rhu-shiva.com sont donn\u00e9es \u00e0 titre indicatif, et sont susceptibles d\u2019\u00e9voluer. Par ailleurs, les renseignements figurant sur le site rhu-shiva.com ne sont pas exhaustifs. Ils sont donn\u00e9s sous r\u00e9serve de modifications ayant \u00e9t\u00e9 apport\u00e9es depuis leur mise en ligne.<\/p>\n\n\n\n<h3 class=\"wp-block-heading\">4. Limitations contractuelles sur les donn\u00e9es techniques.<\/h3>\n\n\n\n<p>Le site utilise la technologie JavaScript.<br>Le RHU SHIVA ne pourra \u00eatre tenu responsable de dommages mat\u00e9riels li\u00e9s \u00e0 l\u2019utilisation du site. De plus, l\u2019utilisateur du site s\u2019engage \u00e0 acc\u00e9der au site en utilisant un mat\u00e9riel r\u00e9cent, ne contenant pas de virus et avec un navigateur de derni\u00e8re g\u00e9n\u00e9ration mis-\u00e0-jour.<\/p>\n\n\n\n<h3 class=\"wp-block-heading\">5. Propri\u00e9t\u00e9 intellectuelle et contrefa\u00e7ons.<\/h3>\n\n\n\n<p>Le RHU SHIVA est propri\u00e9taire des droits de propri\u00e9t\u00e9 intellectuelle ou d\u00e9tient les droits d\u2019usage sur tous les \u00e9l\u00e9ments accessibles sur le site, notamment les textes<a>, <\/a>images, graphismes, logo, ic\u00f4nes, sons, logiciels.<\/p>\n\n\n\n<p>Qwetle c\u00e8de au RHU SHIVA les droits d\u2019auteur pour les cr\u00e9ations graphiques pr\u00e9sentes sur le site rhu-shiva.com pour la dur\u00e9e l\u00e9gale du droit d\u2019exploitation. Toutefois les visuels mis \u00e0 disposition ne sauraient faire l\u2019objet d\u2019une quelconque modification de la part des exploitants sans l\u2019accord pr\u00e9alable de Qwetle.<\/p>\n\n\n\n<p>Qwetle n\u2019est en rien responsable de l\u2019usage qui pourrait d\u00e9couler de l\u2019exploitation des visuels pr\u00e9sent sur le site rhu-shiva.com si ces derniers devaient \u00eatre utilis\u00e9s dans un cadre diff\u00e9rent.<\/p>\n\n\n\n<p>Le contenu photographique pr\u00e9sent\u00e9 sur le site rhu-shiva.com a \u00e9t\u00e9 achet\u00e9 par Qwetle et est utilis\u00e9 sous licence de Shutterstock.com.<\/p>\n\n\n\n<p>Les photographies des membres du Consortium SHIVA appartiennent \u00e0 leurs propri\u00e9taires. Un accord d\u2019affichage a \u00e9t\u00e9 demand\u00e9 au pr\u00e9alable, la reproduction totale ou partielle de ces photos est interdite.<\/p>\n\n\n\n<p>Par ailleurs, toute personne physique a le droit de s&rsquo;opposer \u00e0 ce que des donn\u00e9es \u00e0 caract\u00e8re personnel la concernant fassent l&rsquo;objet d&rsquo;un traitement (<a href=\"https:\/\/www.cnil.fr\/fr\/reglement-europeen-protection-donnees\/chapitre3#Article21\" target=\"_blank\" rel=\"noreferrer noopener\">article 21 du RGPD<\/a>) en adressant une demande au contact RHU SHIVA.<\/p>\n\n\n\n<p><br>Toute reproduction, repr\u00e9sentation, modification, publication, adaptation de tout ou partie des \u00e9l\u00e9ments du site, quel que soit le moyen ou le proc\u00e9d\u00e9 utilis\u00e9, est interdite, sauf autorisation \u00e9crite pr\u00e9alable du RHU SHIVA.<br>Toute exploitation non autoris\u00e9e du site ou de l\u2019un des \u00e9l\u00e9ments qu\u2019il contient sera consid\u00e9r\u00e9e comme constitutive d\u2019une contrefa\u00e7on et poursuivie conform\u00e9ment aux dispositions des articles L.335-2 et suivants du Code de Propri\u00e9t\u00e9 Intellectuelle.<\/p>\n\n\n\n<p>Le service de cartographie pr\u00e9sent\u00e9 sur le site rhu-shiva.fr est propos\u00e9 par Openstreetmap. OpenStreetMap<a href=\"https:\/\/www.openstreetmap.org\/copyright#trademarks\" target=\"_blank\" rel=\"noreferrer noopener\">\u00ae&nbsp;<\/a>est un ensemble de&nbsp;donn\u00e9es ouvertes, disponibles sous la licence libre&nbsp;<a href=\"https:\/\/opendatacommons.org\/licenses\/odbl\/\">Open Data Commons Open <\/a><a href=\"https:\/\/opendatacommons.org\/licenses\/odbl\/\" target=\"_blank\" rel=\"noreferrer noopener\">Database <\/a><a href=\"https:\/\/opendatacommons.org\/licenses\/odbl\/\">License<\/a>&nbsp;(ODbL) accord\u00e9e par la&nbsp;<a href=\"https:\/\/osmfoundation.org\/\" target=\"_blank\" rel=\"noreferrer noopener\">Fondation <\/a><a href=\"https:\/\/osmfoundation.org\/\">OpenStreetMap<\/a>&nbsp;(OSMF).<\/p>\n\n\n\n<h3 class=\"wp-block-heading\">6. Limitations de responsabilit\u00e9.<\/h3>\n\n\n\n<p>Le RHU SHIVA ne pourra \u00eatre tenu responsable des dommages directs et indirects caus\u00e9s au mat\u00e9riel de l\u2019utilisateur, lors de l\u2019acc\u00e8s au site rhu-shiva.com, et r\u00e9sultant soit de l\u2019utilisation d\u2019un mat\u00e9riel ne r\u00e9pondant pas aux sp\u00e9cifications indiqu\u00e9es au point 4, soit de l\u2019apparition d\u2019un bug ou d\u2019une incompatibilit\u00e9.<br>Le RHU SHIVA ne pourra \u00e9galement \u00eatre tenu responsable des dommages indirects (tels par exemple qu\u2019une perte de march\u00e9 ou perte d\u2019une chance) cons\u00e9cutifs \u00e0 l\u2019utilisation du site rhu-shiva.com.<br>Des espaces interactifs (possibilit\u00e9 de poser des questions dans l\u2019espace contact) sont \u00e0 la disposition des utilisateurs. Le RHU SHIVA se r\u00e9serve le droit de supprimer, sans mise en demeure pr\u00e9alable, tout contenu d\u00e9pos\u00e9 dans cet espace qui contreviendrait \u00e0 la l\u00e9gislation applicable en France, en particulier aux dispositions relatives \u00e0 la protection des donn\u00e9es. Le cas \u00e9ch\u00e9ant, le RHU SHIVA se r\u00e9serve \u00e9galement la possibilit\u00e9 de mettre en cause la responsabilit\u00e9 civile et\/ou p\u00e9nale de l\u2019utilisateur, notamment en cas de message \u00e0 caract\u00e8re raciste, injurieux, diffamant, ou pornographique, quel que soit le support utilis\u00e9 (texte, photographie\u2026).<\/p>\n\n\n\n<h3 class=\"wp-block-heading\">7. Gestion des donn\u00e9es personnelles.<\/h3>\n\n\n\n<p>En France, les donn\u00e9es personnelles sont notamment prot\u00e9g\u00e9es par la loi Informatique et Libert\u00e9s n\u00b0 78-87 du 6 janvier 1978, la loi n\u00b0 2004-801 du 6 ao\u00fbt 2004, l&rsquo;article L. 226-13 du Code p\u00e9nal et la Directive Europ\u00e9enne du 24 octobre 1995, le r\u00e8glement n\u1d52 2016\/679, dit r\u00e8glement g\u00e9n\u00e9ral sur la protection des donn\u00e9es (RGPD), r\u00e8glement de l&rsquo;Union europ\u00e9enne qui constitue le texte de r\u00e9f\u00e9rence en mati\u00e8re de protection des donn\u00e9es \u00e0 caract\u00e8re personnel.<\/p>\n\n\n\n<p>Les donn\u00e9es personnelles ne sont collect\u00e9es qu\u2019apr\u00e8s consentement obligatoire de l\u2019utilisateur. Ce consentement est valablement recueilli (boutons et cases \u00e0 cocher), libre, clair et sans \u00e9quivoque.<\/p>\n\n\n\n<p><br>A l&rsquo;occasion de l&rsquo;utilisation du site rhu-shiva.com, peuvent \u00eatre recueillies : l&rsquo;URL des liens par l&rsquo;interm\u00e9diaire desquels l&rsquo;utilisateur a acc\u00e9d\u00e9 au site rhu-shiva.com, le fournisseur d&rsquo;acc\u00e8s de l&rsquo;utilisateur, l&rsquo;adresse de protocole Internet (IP) de l&rsquo;utilisateur.<br>En tout \u00e9tat de cause le RHU SHIVA ne collecte des informations personnelles relatives \u00e0 l&rsquo;utilisateur que pour le besoin de certains services propos\u00e9s par le site rhu-shiva.com. L&rsquo;utilisateur fournit ces informations en toute connaissance de cause, notamment lorsqu&rsquo;il proc\u00e8de par lui-m\u00eame \u00e0 leur saisie dans le formulaire de contact.<a> <\/a>Il est alors pr\u00e9cis\u00e9 \u00e0 l&rsquo;utilisateur du site rhu-shiva.com l\u2019obligation ou non de fournir ces informations.<\/p>\n\n\n\n<p><br><strong>Conform\u00e9ment aux dispositions des articles 38 et suivants de la loi 78-17 du 6 janvier 1978 relative \u00e0 l\u2019informatique, aux fichiers et aux libert\u00e9s, tout utilisateur dispose d\u2019un droit d\u2019acc\u00e8s, de rectification et d\u2019opposition aux donn\u00e9es personnelles le concernant,<\/strong> en effectuant sa demande \u00e9crite et sign\u00e9e \u00e0 l\u2019\u00e9quipe de gestion de SHIVA, accompagn\u00e9e d\u2019une copie du titre d\u2019identit\u00e9 avec signature du titulaire de la pi\u00e8ce, en pr\u00e9cisant l\u2019adresse \u00e0 laquelle la r\u00e9ponse doit \u00eatre envoy\u00e9e.<br>Aucune information personnelle de l&rsquo;utilisateur du site rhu-shiva.com n&rsquo;est publi\u00e9e \u00e0 l&rsquo;insu de l&rsquo;utilisateur, \u00e9chang\u00e9e, transf\u00e9r\u00e9e, c\u00e9d\u00e9e ou vendue sur un support quelconque \u00e0 des tiers.<br>Les bases de donn\u00e9es sont prot\u00e9g\u00e9es par les dispositions de la loi du 1er juillet 1998 transposant la directive 96\/9 du 11 mars 1996 relative \u00e0 la protection juridique des bases de donn\u00e9es.<\/p>\n\n\n\n<p>Tout utilisateur dispose du droit d&rsquo;introduire une r\u00e9clamation aupr\u00e8s de la Commission National de l\u2019Informatique et des Libert\u00e9s (CNIL, <a href=\"https:\/\/www.cnil.fr\" target=\"_blank\" rel=\"noreferrer noopener\">https:\/\/www.cnil.fr<\/a>).<\/p>\n\n\n\n<h3 class=\"wp-block-heading\">8. Liens hypertextes et cookies.<\/h3>\n\n\n\n<p>Le site rhu-shiva.com contient un certain nombre de liens hypertextes vers d\u2019autres sites, mis en place avec l\u2019autorisation du RHU SHIVA. Cependant, le RHU SHIVA n\u2019a pas la possibilit\u00e9 de v\u00e9rifier le contenu des sites ainsi visit\u00e9s, et n\u2019assumera en cons\u00e9quence aucune responsabilit\u00e9 de ce fait.<br><br><\/p>\n\n\n\n<p>La navigation sur le site rhu-shiva.com est susceptible de provoquer l\u2019installation de cookie(s) sur l\u2019ordinateur de l\u2019utilisateur. Un cookie est un fichier de petite taille, qui ne permet pas l\u2019identification de l\u2019utilisateur, mais qui enregistre des informations relatives \u00e0 la navigation d\u2019un ordinateur sur un site. Les donn\u00e9es ainsi obtenues, apr\u00e8s validation et consentement de l\u2019utilisateur, visent \u00e0 faciliter la navigation ult\u00e9rieure sur le site. Les cookies ont \u00e9galement vocation \u00e0 permettre diverses mesures de fr\u00e9quentation du site internet.<\/p>\n\n\n\n<p>Les donn\u00e9es \u00ab web analytics \u00bb sont collect\u00e9es de forme anonyme (en enregistrant des adresses IP anonymes) par Google Analytics, et nous permettent de mesurer l&rsquo;audience de notre site web, les consultations et les \u00e9ventuelles erreurs afin d\u2019am\u00e9liorer constamment l\u2019exp\u00e9rience des utilisateurs. Ces donn\u00e9es sont utilis\u00e9es par le Consortium du projet RHU SHIVA et ne seront jamais c\u00e9d\u00e9es \u00e0 un tiers ni utilis\u00e9es \u00e0 d\u2019autres fins que celles d\u00e9taill\u00e9es ci-dessus.<\/p>\n\n\n\n<p>Le refus d\u2019installation<a> <\/a>d\u2019un cookie peut entra\u00eener l\u2019impossibilit\u00e9 d\u2019acc\u00e9der \u00e0 certains services. L\u2019utilisateur peut toutefois configurer son ordinateur, pour refuser l\u2019installation des cookies. Pour plus d\u2019informations sur les modalit\u00e9s de r\u00e9glage en fonction de votre navigateur, nous vous invitons \u00e0 visiter le site <a href=\"https:\/\/www.cnil.fr\" target=\"_blank\" rel=\"noreferrer noopener\">https:\/\/www.cnil.fr<\/a>.<\/p>\n\n\n\n<h3 class=\"wp-block-heading\">9. Droit applicable et attribution de juridiction.<\/h3>\n\n\n\n<p>Tout litige en relation avec l\u2019utilisation du site rhu-shiva.com est soumis au droit fran\u00e7ais. Il est fait attribution exclusive de juridiction aux tribunaux comp\u00e9tents de Paris.<\/p>\n\n\n\n<h3 class=\"wp-block-heading\">10. Les principales lois concern\u00e9es.<\/h3>\n\n\n\n<p>Loi n\u00b0 78-17 du 6 janvier 1978, notamment modifi\u00e9e par la loi n\u00b0 2004-801 du 6 ao\u00fbt 2004 relative \u00e0 l&rsquo;informatique, aux fichiers et aux libert\u00e9s.<br>Loi n\u00b0 2004-575 du 21 juin 2004 pour la confiance dans l&rsquo;\u00e9conomie num\u00e9rique.<\/p>\n\n\n\n<h3 class=\"wp-block-heading\">11. Lexique.<\/h3>\n\n\n\n<p>Utilisateur : Internaute se connectant, utilisant le site susnomm\u00e9.<br>Informations personnelles : \u00ab les informations qui permettent, sous quelque forme que ce soit, directement ou non, l&rsquo;identification des personnes physiques auxquelles elles s&rsquo;appliquent \u00bb (article 4 de la loi n\u00b0 78-17 du 6 janvier 1978).<\/p>\n\n\n\n<hr class=\"wp-block-separator\"\/>\n\n\n\n<div class=\"wp-block-image\"><figure class=\"aligncenter size-large is-resized\"><img loading=\"lazy\" decoding=\"async\" src=\"https:\/\/rhu-shiva.com\/fr\/wp-content\/uploads\/sites\/5\/2020\/06\/SHIVA_partners-1.png\" alt=\"pictogramme partenaires\" class=\"wp-image-274\" width=\"268\" height=\"268\" srcset=\"https:\/\/rhu-shiva.com\/fr\/wp-content\/uploads\/sites\/5\/2020\/06\/SHIVA_partners-1.png 500w, https:\/\/rhu-shiva.com\/fr\/wp-content\/uploads\/sites\/5\/2020\/06\/SHIVA_partners-1-300x300.png 300w, https:\/\/rhu-shiva.com\/fr\/wp-content\/uploads\/sites\/5\/2020\/06\/SHIVA_partners-1-150x150.png 150w, https:\/\/rhu-shiva.com\/fr\/wp-content\/uploads\/sites\/5\/2020\/06\/SHIVA_partners-1-146x146.png 146w, https:\/\/rhu-shiva.com\/fr\/wp-content\/uploads\/sites\/5\/2020\/06\/SHIVA_partners-1-50x50.png 50w, https:\/\/rhu-shiva.com\/fr\/wp-content\/uploads\/sites\/5\/2020\/06\/SHIVA_partners-1-75x75.png 75w, https:\/\/rhu-shiva.com\/fr\/wp-content\/uploads\/sites\/5\/2020\/06\/SHIVA_partners-1-85x85.png 85w, https:\/\/rhu-shiva.com\/fr\/wp-content\/uploads\/sites\/5\/2020\/06\/SHIVA_partners-1-80x80.png 80w\" sizes=\"(max-width: 268px) 100vw, 268px\" \/><\/figure><\/div>\n\n\n\n<hr class=\"wp-block-separator\"\/>\n","protected":false},"excerpt":{"rendered":"<p>Informations l\u00e9gales 1. Pr\u00e9sentation du site Conform\u00e9ment aux dispositions des Articles 6-III et 19 de la Loi n\u00b02004-575 du 21 juin 2004 pour la Confiance dans<span class=\"excerpt-hellip\"> [\u2026]<\/span><\/p>\n","protected":false},"author":2,"featured_media":0,"parent":0,"menu_order":0,"comment_status":"closed","ping_status":"closed","template":"","meta":{"inline_featured_image":false,"footnotes":""},"yoast_head":"<!-- This site is optimized with the Yoast SEO plugin v21.8 - https:\/\/yoast.com\/wordpress\/plugins\/seo\/ -->\n<title>RHU SHIVA | Mentions l\u00e9gales<\/title>\n<meta name=\"description\" content=\"Consultez les mentions l\u00e9gales du site web du RHU SHIVA\" \/>\n<meta name=\"robots\" content=\"noindex, follow\" \/>\n<meta property=\"og:locale\" content=\"fr_FR\" \/>\n<meta property=\"og:type\" content=\"article\" \/>\n<meta property=\"og:title\" content=\"RHU SHIVA | Mentions l\u00e9gales\" \/>\n<meta property=\"og:description\" content=\"Consultez les mentions l\u00e9gales du site web du RHU SHIVA\" \/>\n<meta property=\"og:url\" content=\"https:\/\/rhu-shiva.com\/fr\/mentions_legales\/\" \/>\n<meta property=\"og:site_name\" content=\"RHU SHIVA\" \/>\n<meta property=\"article:modified_time\" content=\"2020-11-25T16:44:02+00:00\" \/>\n<meta property=\"og:image\" content=\"https:\/\/rhu-shiva.com\/fr\/wp-content\/uploads\/sites\/5\/2020\/06\/SHIVA_partners-1.png\" \/>\n<meta name=\"twitter:card\" content=\"summary_large_image\" \/>\n<meta name=\"twitter:site\" content=\"@RHU_SHiVA\" \/>\n<meta name=\"twitter:label1\" content=\"Dur\u00e9e de lecture estim\u00e9e\" \/>\n\t<meta name=\"twitter:data1\" content=\"9 minutes\" \/>\n<script type=\"application\/ld+json\" class=\"yoast-schema-graph\">{\"@context\":\"https:\/\/schema.org\",\"@graph\":[{\"@type\":\"WebPage\",\"@id\":\"https:\/\/rhu-shiva.com\/fr\/mentions_legales\/\",\"url\":\"https:\/\/rhu-shiva.com\/fr\/mentions_legales\/\",\"name\":\"RHU SHIVA | Mentions l\u00e9gales\",\"isPartOf\":{\"@id\":\"https:\/\/rhu-shiva.com\/fr\/#website\"},\"datePublished\":\"2020-11-20T18:34:31+00:00\",\"dateModified\":\"2020-11-25T16:44:02+00:00\",\"description\":\"Consultez les mentions l\u00e9gales du site web du RHU SHIVA\",\"breadcrumb\":{\"@id\":\"https:\/\/rhu-shiva.com\/fr\/mentions_legales\/#breadcrumb\"},\"inLanguage\":\"fr-FR\",\"potentialAction\":[{\"@type\":\"ReadAction\",\"target\":[\"https:\/\/rhu-shiva.com\/fr\/mentions_legales\/\"]}]},{\"@type\":\"BreadcrumbList\",\"@id\":\"https:\/\/rhu-shiva.com\/fr\/mentions_legales\/#breadcrumb\",\"itemListElement\":[{\"@type\":\"ListItem\",\"position\":1,\"name\":\"Accueil\",\"item\":\"https:\/\/rhu-shiva.com\/fr\/\"},{\"@type\":\"ListItem\",\"position\":2,\"name\":\"Mentions l\u00e9gales\"}]},{\"@type\":\"WebSite\",\"@id\":\"https:\/\/rhu-shiva.com\/fr\/#website\",\"url\":\"https:\/\/rhu-shiva.com\/fr\/\",\"name\":\"RHU SHIVA\",\"description\":\"Pr\u00e9venir le d\u00e9clin cognitif et la d\u00e9mence en combattant la maladie des petites art\u00e8res occulte\",\"publisher\":{\"@id\":\"https:\/\/rhu-shiva.com\/fr\/#organization\"},\"potentialAction\":[{\"@type\":\"SearchAction\",\"target\":{\"@type\":\"EntryPoint\",\"urlTemplate\":\"https:\/\/rhu-shiva.com\/fr\/?s={search_term_string}\"},\"query-input\":\"required name=search_term_string\"}],\"inLanguage\":\"fr-FR\"},{\"@type\":\"Organization\",\"@id\":\"https:\/\/rhu-shiva.com\/fr\/#organization\",\"name\":\"RHU SHIVA\",\"url\":\"https:\/\/rhu-shiva.com\/fr\/\",\"logo\":{\"@type\":\"ImageObject\",\"inLanguage\":\"fr-FR\",\"@id\":\"https:\/\/rhu-shiva.com\/fr\/#\/schema\/logo\/image\/\",\"url\":\"https:\/\/rhu-shiva.com\/fr\/wp-content\/uploads\/sites\/5\/2020\/06\/logo_grand_light_blue.png\",\"contentUrl\":\"https:\/\/rhu-shiva.com\/fr\/wp-content\/uploads\/sites\/5\/2020\/06\/logo_grand_light_blue.png\",\"width\":501,\"height\":501,\"caption\":\"RHU SHIVA\"},\"image\":{\"@id\":\"https:\/\/rhu-shiva.com\/fr\/#\/schema\/logo\/image\/\"},\"sameAs\":[\"https:\/\/twitter.com\/RHU_SHiVA\"]}]}<\/script>\n<!-- \/ Yoast SEO plugin. -->","yoast_head_json":{"title":"RHU SHIVA | Mentions l\u00e9gales","description":"Consultez les mentions l\u00e9gales du site web du RHU SHIVA","robots":{"index":"noindex","follow":"follow"},"og_locale":"fr_FR","og_type":"article","og_title":"RHU SHIVA | Mentions l\u00e9gales","og_description":"Consultez les mentions l\u00e9gales du site web du RHU SHIVA","og_url":"https:\/\/rhu-shiva.com\/fr\/mentions_legales\/","og_site_name":"RHU SHIVA","article_modified_time":"2020-11-25T16:44:02+00:00","og_image":[{"url":"https:\/\/rhu-shiva.com\/fr\/wp-content\/uploads\/sites\/5\/2020\/06\/SHIVA_partners-1.png"}],"twitter_card":"summary_large_image","twitter_site":"@RHU_SHiVA","twitter_misc":{"Dur\u00e9e de lecture estim\u00e9e":"9 minutes"},"schema":{"@context":"https:\/\/schema.org","@graph":[{"@type":"WebPage","@id":"https:\/\/rhu-shiva.com\/fr\/mentions_legales\/","url":"https:\/\/rhu-shiva.com\/fr\/mentions_legales\/","name":"RHU SHIVA | Mentions l\u00e9gales","isPartOf":{"@id":"https:\/\/rhu-shiva.com\/fr\/#website"},"datePublished":"2020-11-20T18:34:31+00:00","dateModified":"2020-11-25T16:44:02+00:00","description":"Consultez les mentions l\u00e9gales du site web du RHU SHIVA","breadcrumb":{"@id":"https:\/\/rhu-shiva.com\/fr\/mentions_legales\/#breadcrumb"},"inLanguage":"fr-FR","potentialAction":[{"@type":"ReadAction","target":["https:\/\/rhu-shiva.com\/fr\/mentions_legales\/"]}]},{"@type":"BreadcrumbList","@id":"https:\/\/rhu-shiva.com\/fr\/mentions_legales\/#breadcrumb","itemListElement":[{"@type":"ListItem","position":1,"name":"Accueil","item":"https:\/\/rhu-shiva.com\/fr\/"},{"@type":"ListItem","position":2,"name":"Mentions l\u00e9gales"}]},{"@type":"WebSite","@id":"https:\/\/rhu-shiva.com\/fr\/#website","url":"https:\/\/rhu-shiva.com\/fr\/","name":"RHU SHIVA","description":"Pr\u00e9venir le d\u00e9clin cognitif et la d\u00e9mence en combattant la maladie des petites art\u00e8res occulte","publisher":{"@id":"https:\/\/rhu-shiva.com\/fr\/#organization"},"potentialAction":[{"@type":"SearchAction","target":{"@type":"EntryPoint","urlTemplate":"https:\/\/rhu-shiva.com\/fr\/?s={search_term_string}"},"query-input":"required name=search_term_string"}],"inLanguage":"fr-FR"},{"@type":"Organization","@id":"https:\/\/rhu-shiva.com\/fr\/#organization","name":"RHU SHIVA","url":"https:\/\/rhu-shiva.com\/fr\/","logo":{"@type":"ImageObject","inLanguage":"fr-FR","@id":"https:\/\/rhu-shiva.com\/fr\/#\/schema\/logo\/image\/","url":"https:\/\/rhu-shiva.com\/fr\/wp-content\/uploads\/sites\/5\/2020\/06\/logo_grand_light_blue.png","contentUrl":"https:\/\/rhu-shiva.com\/fr\/wp-content\/uploads\/sites\/5\/2020\/06\/logo_grand_light_blue.png","width":501,"height":501,"caption":"RHU SHIVA"},"image":{"@id":"https:\/\/rhu-shiva.com\/fr\/#\/schema\/logo\/image\/"},"sameAs":["https:\/\/twitter.com\/RHU_SHiVA"]}]}},"_links":{"self":[{"href":"https:\/\/rhu-shiva.com\/fr\/wp-json\/wp\/v2\/pages\/847"}],"collection":[{"href":"https:\/\/rhu-shiva.com\/fr\/wp-json\/wp\/v2\/pages"}],"about":[{"href":"https:\/\/rhu-shiva.com\/fr\/wp-json\/wp\/v2\/types\/page"}],"author":[{"embeddable":true,"href":"https:\/\/rhu-shiva.com\/fr\/wp-json\/wp\/v2\/users\/2"}],"replies":[{"embeddable":true,"href":"https:\/\/rhu-shiva.com\/fr\/wp-json\/wp\/v2\/comments?post=847"}],"version-history":[{"count":10,"href":"https:\/\/rhu-shiva.com\/fr\/wp-json\/wp\/v2\/pages\/847\/revisions"}],"predecessor-version":[{"id":873,"href":"https:\/\/rhu-shiva.com\/fr\/wp-json\/wp\/v2\/pages\/847\/revisions\/873"}],"wp:attachment":[{"href":"https:\/\/rhu-shiva.com\/fr\/wp-json\/wp\/v2\/media?parent=847"}],"curies":[{"name":"wp","href":"https:\/\/api.w.org\/{rel}","templated":true}]}}