{"id":187,"date":"2020-04-28T13:11:59","date_gmt":"2020-04-28T11:11:59","guid":{"rendered":"https:\/\/shiva.qwetle.fr\/?page_id=187"},"modified":"2024-03-29T19:29:28","modified_gmt":"2024-03-29T18:29:28","slug":"actualites","status":"publish","type":"page","link":"https:\/\/rhu-shiva.com\/fr\/actualites\/","title":{"rendered":"Actualit\u00e9s"},"content":{"rendered":"","protected":false},"excerpt":{"rendered":"","protected":false},"author":1,"featured_media":0,"parent":0,"menu_order":0,"comment_status":"closed","ping_status":"closed","template":"","meta":{"inline_featured_image":false,"footnotes":""},"yoast_head":"<!-- This site is optimized with the Yoast SEO plugin v21.8 - https:\/\/yoast.com\/wordpress\/plugins\/seo\/ -->\n<title>Actualit\u00e9s RHU SHIVA | Retrouvez nos actualit\u00e9s et r\u00e9seaux sociaux<\/title>\n<meta name=\"description\" content=\"Actualit\u00e9 et r\u00e9seaux sociaux : Tenez-vous inform\u00e9s des derni\u00e8res actualit\u00e9s, des \u00e9v\u00e8nements ainsi que des publications du projet RHU SHIVA.\" \/>\n<meta name=\"robots\" content=\"index, follow, max-snippet:-1, max-image-preview:large, max-video-preview:-1\" \/>\n<link rel=\"canonical\" href=\"https:\/\/rhu-shiva.com\/fr\/actualites\/\" \/>\n<meta property=\"og:locale\" content=\"fr_FR\" \/>\n<meta property=\"og:type\" content=\"article\" \/>\n<meta property=\"og:title\" content=\"Actualit\u00e9s RHU SHIVA | Retrouvez nos actualit\u00e9s et r\u00e9seaux sociaux\" \/>\n<meta property=\"og:description\" content=\"Actualit\u00e9 et r\u00e9seaux sociaux : Tenez-vous inform\u00e9s des derni\u00e8res actualit\u00e9s, des \u00e9v\u00e8nements ainsi que des publications du projet RHU SHIVA.\" \/>\n<meta property=\"og:url\" content=\"https:\/\/rhu-shiva.com\/fr\/actualites\/\" \/>\n<meta property=\"og:site_name\" content=\"RHU SHIVA\" \/>\n<meta property=\"article:modified_time\" content=\"2024-03-29T18:29:28+00:00\" \/>\n<meta name=\"twitter:card\" content=\"summary_large_image\" \/>\n<meta name=\"twitter:site\" content=\"@RHU_SHiVA\" \/>\n<script type=\"application\/ld+json\" class=\"yoast-schema-graph\">{\"@context\":\"https:\/\/schema.org\",\"@graph\":[{\"@type\":\"WebPage\",\"@id\":\"https:\/\/rhu-shiva.com\/fr\/actualites\/\",\"url\":\"https:\/\/rhu-shiva.com\/fr\/actualites\/\",\"name\":\"Actualit\u00e9s RHU SHIVA | Retrouvez nos actualit\u00e9s et r\u00e9seaux sociaux\",\"isPartOf\":{\"@id\":\"https:\/\/rhu-shiva.com\/fr\/#website\"},\"datePublished\":\"2020-04-28T11:11:59+00:00\",\"dateModified\":\"2024-03-29T18:29:28+00:00\",\"description\":\"Actualit\u00e9 et r\u00e9seaux sociaux : Tenez-vous inform\u00e9s des derni\u00e8res actualit\u00e9s, des \u00e9v\u00e8nements ainsi que des publications du projet RHU SHIVA.\",\"breadcrumb\":{\"@id\":\"https:\/\/rhu-shiva.com\/fr\/actualites\/#breadcrumb\"},\"inLanguage\":\"fr-FR\",\"potentialAction\":[{\"@type\":\"ReadAction\",\"target\":[\"https:\/\/rhu-shiva.com\/fr\/actualites\/\"]}]},{\"@type\":\"BreadcrumbList\",\"@id\":\"https:\/\/rhu-shiva.com\/fr\/actualites\/#breadcrumb\",\"itemListElement\":[{\"@type\":\"ListItem\",\"position\":1,\"name\":\"Accueil\",\"item\":\"https:\/\/rhu-shiva.com\/fr\/\"},{\"@type\":\"ListItem\",\"position\":2,\"name\":\"Actualit\u00e9s\"}]},{\"@type\":\"WebSite\",\"@id\":\"https:\/\/rhu-shiva.com\/fr\/#website\",\"url\":\"https:\/\/rhu-shiva.com\/fr\/\",\"name\":\"RHU SHIVA\",\"description\":\"Pr\u00e9venir le d\u00e9clin cognitif et la d\u00e9mence en combattant la maladie des petites art\u00e8res occulte\",\"publisher\":{\"@id\":\"https:\/\/rhu-shiva.com\/fr\/#organization\"},\"potentialAction\":[{\"@type\":\"SearchAction\",\"target\":{\"@type\":\"EntryPoint\",\"urlTemplate\":\"https:\/\/rhu-shiva.com\/fr\/?s={search_term_string}\"},\"query-input\":\"required name=search_term_string\"}],\"inLanguage\":\"fr-FR\"},{\"@type\":\"Organization\",\"@id\":\"https:\/\/rhu-shiva.com\/fr\/#organization\",\"name\":\"RHU SHIVA\",\"url\":\"https:\/\/rhu-shiva.com\/fr\/\",\"logo\":{\"@type\":\"ImageObject\",\"inLanguage\":\"fr-FR\",\"@id\":\"https:\/\/rhu-shiva.com\/fr\/#\/schema\/logo\/image\/\",\"url\":\"https:\/\/rhu-shiva.com\/fr\/wp-content\/uploads\/sites\/5\/2020\/06\/logo_grand_light_blue.png\",\"contentUrl\":\"https:\/\/rhu-shiva.com\/fr\/wp-content\/uploads\/sites\/5\/2020\/06\/logo_grand_light_blue.png\",\"width\":501,\"height\":501,\"caption\":\"RHU SHIVA\"},\"image\":{\"@id\":\"https:\/\/rhu-shiva.com\/fr\/#\/schema\/logo\/image\/\"},\"sameAs\":[\"https:\/\/twitter.com\/RHU_SHiVA\"]}]}<\/script>\n<!-- \/ Yoast SEO plugin. -->","yoast_head_json":{"title":"Actualit\u00e9s RHU SHIVA | Retrouvez nos actualit\u00e9s et r\u00e9seaux sociaux","description":"Actualit\u00e9 et r\u00e9seaux sociaux : Tenez-vous inform\u00e9s des derni\u00e8res actualit\u00e9s, des \u00e9v\u00e8nements ainsi que des publications du projet RHU SHIVA.","robots":{"index":"index","follow":"follow","max-snippet":"max-snippet:-1","max-image-preview":"max-image-preview:large","max-video-preview":"max-video-preview:-1"},"canonical":"https:\/\/rhu-shiva.com\/fr\/actualites\/","og_locale":"fr_FR","og_type":"article","og_title":"Actualit\u00e9s RHU SHIVA | Retrouvez nos actualit\u00e9s et r\u00e9seaux sociaux","og_description":"Actualit\u00e9 et r\u00e9seaux sociaux : Tenez-vous inform\u00e9s des derni\u00e8res actualit\u00e9s, des \u00e9v\u00e8nements ainsi que des publications du projet RHU SHIVA.","og_url":"https:\/\/rhu-shiva.com\/fr\/actualites\/","og_site_name":"RHU SHIVA","article_modified_time":"2024-03-29T18:29:28+00:00","twitter_card":"summary_large_image","twitter_site":"@RHU_SHiVA","schema":{"@context":"https:\/\/schema.org","@graph":[{"@type":"WebPage","@id":"https:\/\/rhu-shiva.com\/fr\/actualites\/","url":"https:\/\/rhu-shiva.com\/fr\/actualites\/","name":"Actualit\u00e9s RHU SHIVA | Retrouvez nos actualit\u00e9s et r\u00e9seaux sociaux","isPartOf":{"@id":"https:\/\/rhu-shiva.com\/fr\/#website"},"datePublished":"2020-04-28T11:11:59+00:00","dateModified":"2024-03-29T18:29:28+00:00","description":"Actualit\u00e9 et r\u00e9seaux sociaux : Tenez-vous inform\u00e9s des derni\u00e8res actualit\u00e9s, des \u00e9v\u00e8nements ainsi que des publications du projet RHU SHIVA.","breadcrumb":{"@id":"https:\/\/rhu-shiva.com\/fr\/actualites\/#breadcrumb"},"inLanguage":"fr-FR","potentialAction":[{"@type":"ReadAction","target":["https:\/\/rhu-shiva.com\/fr\/actualites\/"]}]},{"@type":"BreadcrumbList","@id":"https:\/\/rhu-shiva.com\/fr\/actualites\/#breadcrumb","itemListElement":[{"@type":"ListItem","position":1,"name":"Accueil","item":"https:\/\/rhu-shiva.com\/fr\/"},{"@type":"ListItem","position":2,"name":"Actualit\u00e9s"}]},{"@type":"WebSite","@id":"https:\/\/rhu-shiva.com\/fr\/#website","url":"https:\/\/rhu-shiva.com\/fr\/","name":"RHU SHIVA","description":"Pr\u00e9venir le d\u00e9clin cognitif et la d\u00e9mence en combattant la maladie des petites art\u00e8res occulte","publisher":{"@id":"https:\/\/rhu-shiva.com\/fr\/#organization"},"potentialAction":[{"@type":"SearchAction","target":{"@type":"EntryPoint","urlTemplate":"https:\/\/rhu-shiva.com\/fr\/?s={search_term_string}"},"query-input":"required name=search_term_string"}],"inLanguage":"fr-FR"},{"@type":"Organization","@id":"https:\/\/rhu-shiva.com\/fr\/#organization","name":"RHU SHIVA","url":"https:\/\/rhu-shiva.com\/fr\/","logo":{"@type":"ImageObject","inLanguage":"fr-FR","@id":"https:\/\/rhu-shiva.com\/fr\/#\/schema\/logo\/image\/","url":"https:\/\/rhu-shiva.com\/fr\/wp-content\/uploads\/sites\/5\/2020\/06\/logo_grand_light_blue.png","contentUrl":"https:\/\/rhu-shiva.com\/fr\/wp-content\/uploads\/sites\/5\/2020\/06\/logo_grand_light_blue.png","width":501,"height":501,"caption":"RHU SHIVA"},"image":{"@id":"https:\/\/rhu-shiva.com\/fr\/#\/schema\/logo\/image\/"},"sameAs":["https:\/\/twitter.com\/RHU_SHiVA"]}]}},"_links":{"self":[{"href":"https:\/\/rhu-shiva.com\/fr\/wp-json\/wp\/v2\/pages\/187"}],"collection":[{"href":"https:\/\/rhu-shiva.com\/fr\/wp-json\/wp\/v2\/pages"}],"about":[{"href":"https:\/\/rhu-shiva.com\/fr\/wp-json\/wp\/v2\/types\/page"}],"author":[{"embeddable":true,"href":"https:\/\/rhu-shiva.com\/fr\/wp-json\/wp\/v2\/users\/1"}],"replies":[{"embeddable":true,"href":"https:\/\/rhu-shiva.com\/fr\/wp-json\/wp\/v2\/comments?post=187"}],"version-history":[{"count":9,"href":"https:\/\/rhu-shiva.com\/fr\/wp-json\/wp\/v2\/pages\/187\/revisions"}],"predecessor-version":[{"id":887,"href":"https:\/\/rhu-shiva.com\/fr\/wp-json\/wp\/v2\/pages\/187\/revisions\/887"}],"wp:attachment":[{"href":"https:\/\/rhu-shiva.com\/fr\/wp-json\/wp\/v2\/media?parent=187"}],"curies":[{"name":"wp","href":"https:\/\/api.w.org\/{rel}","templated":true}]}}