{"id":1300,"date":"2022-09-06T21:39:15","date_gmt":"2022-09-06T19:39:15","guid":{"rendered":"https:\/\/rhu-shiva.com\/fr\/?page_id=1300"},"modified":"2026-03-27T18:34:04","modified_gmt":"2026-03-27T17:34:04","slug":"workpackage","status":"publish","type":"page","link":"https:\/\/rhu-shiva.com\/fr\/workpackage\/","title":{"rendered":"Workpackage"},"content":{"rendered":"","protected":false},"excerpt":{"rendered":"","protected":false},"author":1,"featured_media":0,"parent":0,"menu_order":0,"comment_status":"closed","ping_status":"closed","template":"","meta":{"inline_featured_image":false,"footnotes":""},"yoast_head":"<!-- This site is optimized with the Yoast SEO plugin v21.8 - https:\/\/yoast.com\/wordpress\/plugins\/seo\/ -->\n<title>Workpackage RHU SHIVA | Syst\u00e8me d&#039;information dynamique<\/title>\n<meta name=\"description\" content=\"Cette page est avant tout destin\u00e9e aux personnes qui ont particip\u00e9 aux cohortes : \u00e9tude des 3 Cit\u00e9s, cohorte Memento, cohorte SHIVA, cohorte i-Share et ses \u00e9tudes ancillaires bio-Share et MRi-Share.\" \/>\n<meta name=\"robots\" content=\"index, follow, max-snippet:-1, max-image-preview:large, max-video-preview:-1\" \/>\n<link rel=\"canonical\" href=\"https:\/\/rhu-shiva.com\/fr\/workpackage\/\" \/>\n<meta property=\"og:locale\" content=\"fr_FR\" \/>\n<meta property=\"og:type\" content=\"article\" \/>\n<meta property=\"og:title\" content=\"Workpackage RHU SHIVA | Syst\u00e8me d&#039;information dynamique\" \/>\n<meta property=\"og:description\" content=\"Cette page est avant tout destin\u00e9e aux personnes qui ont particip\u00e9 aux cohortes : \u00e9tude des 3 Cit\u00e9s, cohorte Memento, cohorte SHIVA, cohorte i-Share et ses \u00e9tudes ancillaires bio-Share et MRi-Share.\" \/>\n<meta property=\"og:url\" content=\"https:\/\/rhu-shiva.com\/fr\/workpackage\/\" \/>\n<meta property=\"og:site_name\" content=\"RHU SHIVA\" \/>\n<meta property=\"article:modified_time\" content=\"2026-03-27T17:34:04+00:00\" \/>\n<meta name=\"twitter:card\" content=\"summary_large_image\" \/>\n<meta name=\"twitter:site\" content=\"@RHU_SHiVA\" \/>\n<script type=\"application\/ld+json\" class=\"yoast-schema-graph\">{\"@context\":\"https:\/\/schema.org\",\"@graph\":[{\"@type\":\"WebPage\",\"@id\":\"https:\/\/rhu-shiva.com\/fr\/workpackage\/\",\"url\":\"https:\/\/rhu-shiva.com\/fr\/workpackage\/\",\"name\":\"Workpackage RHU SHIVA | Syst\u00e8me d'information dynamique\",\"isPartOf\":{\"@id\":\"https:\/\/rhu-shiva.com\/fr\/#website\"},\"datePublished\":\"2022-09-06T19:39:15+00:00\",\"dateModified\":\"2026-03-27T17:34:04+00:00\",\"description\":\"Cette page est avant tout destin\u00e9e aux personnes qui ont particip\u00e9 aux cohortes : \u00e9tude des 3 Cit\u00e9s, cohorte Memento, cohorte SHIVA, cohorte i-Share et ses \u00e9tudes ancillaires bio-Share et MRi-Share.\",\"breadcrumb\":{\"@id\":\"https:\/\/rhu-shiva.com\/fr\/workpackage\/#breadcrumb\"},\"inLanguage\":\"fr-FR\",\"potentialAction\":[{\"@type\":\"ReadAction\",\"target\":[\"https:\/\/rhu-shiva.com\/fr\/workpackage\/\"]}]},{\"@type\":\"BreadcrumbList\",\"@id\":\"https:\/\/rhu-shiva.com\/fr\/workpackage\/#breadcrumb\",\"itemListElement\":[{\"@type\":\"ListItem\",\"position\":1,\"name\":\"Accueil\",\"item\":\"https:\/\/rhu-shiva.com\/fr\/\"},{\"@type\":\"ListItem\",\"position\":2,\"name\":\"Workpackage\"}]},{\"@type\":\"WebSite\",\"@id\":\"https:\/\/rhu-shiva.com\/fr\/#website\",\"url\":\"https:\/\/rhu-shiva.com\/fr\/\",\"name\":\"RHU SHIVA\",\"description\":\"Pr\u00e9venir le d\u00e9clin cognitif et la d\u00e9mence en combattant la maladie des petites art\u00e8res occulte\",\"publisher\":{\"@id\":\"https:\/\/rhu-shiva.com\/fr\/#organization\"},\"potentialAction\":[{\"@type\":\"SearchAction\",\"target\":{\"@type\":\"EntryPoint\",\"urlTemplate\":\"https:\/\/rhu-shiva.com\/fr\/?s={search_term_string}\"},\"query-input\":\"required name=search_term_string\"}],\"inLanguage\":\"fr-FR\"},{\"@type\":\"Organization\",\"@id\":\"https:\/\/rhu-shiva.com\/fr\/#organization\",\"name\":\"RHU SHIVA\",\"url\":\"https:\/\/rhu-shiva.com\/fr\/\",\"logo\":{\"@type\":\"ImageObject\",\"inLanguage\":\"fr-FR\",\"@id\":\"https:\/\/rhu-shiva.com\/fr\/#\/schema\/logo\/image\/\",\"url\":\"https:\/\/rhu-shiva.com\/fr\/wp-content\/uploads\/sites\/5\/2020\/06\/logo_grand_light_blue.png\",\"contentUrl\":\"https:\/\/rhu-shiva.com\/fr\/wp-content\/uploads\/sites\/5\/2020\/06\/logo_grand_light_blue.png\",\"width\":501,\"height\":501,\"caption\":\"RHU SHIVA\"},\"image\":{\"@id\":\"https:\/\/rhu-shiva.com\/fr\/#\/schema\/logo\/image\/\"},\"sameAs\":[\"https:\/\/twitter.com\/RHU_SHiVA\"]}]}<\/script>\n<!-- \/ Yoast SEO plugin. -->","yoast_head_json":{"title":"Workpackage RHU SHIVA | Syst\u00e8me d'information dynamique","description":"Cette page est avant tout destin\u00e9e aux personnes qui ont particip\u00e9 aux cohortes : \u00e9tude des 3 Cit\u00e9s, cohorte Memento, cohorte SHIVA, cohorte i-Share et ses \u00e9tudes ancillaires bio-Share et MRi-Share.","robots":{"index":"index","follow":"follow","max-snippet":"max-snippet:-1","max-image-preview":"max-image-preview:large","max-video-preview":"max-video-preview:-1"},"canonical":"https:\/\/rhu-shiva.com\/fr\/workpackage\/","og_locale":"fr_FR","og_type":"article","og_title":"Workpackage RHU SHIVA | Syst\u00e8me d'information dynamique","og_description":"Cette page est avant tout destin\u00e9e aux personnes qui ont particip\u00e9 aux cohortes : \u00e9tude des 3 Cit\u00e9s, cohorte Memento, cohorte SHIVA, cohorte i-Share et ses \u00e9tudes ancillaires bio-Share et MRi-Share.","og_url":"https:\/\/rhu-shiva.com\/fr\/workpackage\/","og_site_name":"RHU SHIVA","article_modified_time":"2026-03-27T17:34:04+00:00","twitter_card":"summary_large_image","twitter_site":"@RHU_SHiVA","schema":{"@context":"https:\/\/schema.org","@graph":[{"@type":"WebPage","@id":"https:\/\/rhu-shiva.com\/fr\/workpackage\/","url":"https:\/\/rhu-shiva.com\/fr\/workpackage\/","name":"Workpackage RHU SHIVA | Syst\u00e8me d'information dynamique","isPartOf":{"@id":"https:\/\/rhu-shiva.com\/fr\/#website"},"datePublished":"2022-09-06T19:39:15+00:00","dateModified":"2026-03-27T17:34:04+00:00","description":"Cette page est avant tout destin\u00e9e aux personnes qui ont particip\u00e9 aux cohortes : \u00e9tude des 3 Cit\u00e9s, cohorte Memento, cohorte SHIVA, cohorte i-Share et ses \u00e9tudes ancillaires bio-Share et MRi-Share.","breadcrumb":{"@id":"https:\/\/rhu-shiva.com\/fr\/workpackage\/#breadcrumb"},"inLanguage":"fr-FR","potentialAction":[{"@type":"ReadAction","target":["https:\/\/rhu-shiva.com\/fr\/workpackage\/"]}]},{"@type":"BreadcrumbList","@id":"https:\/\/rhu-shiva.com\/fr\/workpackage\/#breadcrumb","itemListElement":[{"@type":"ListItem","position":1,"name":"Accueil","item":"https:\/\/rhu-shiva.com\/fr\/"},{"@type":"ListItem","position":2,"name":"Workpackage"}]},{"@type":"WebSite","@id":"https:\/\/rhu-shiva.com\/fr\/#website","url":"https:\/\/rhu-shiva.com\/fr\/","name":"RHU SHIVA","description":"Pr\u00e9venir le d\u00e9clin cognitif et la d\u00e9mence en combattant la maladie des petites art\u00e8res occulte","publisher":{"@id":"https:\/\/rhu-shiva.com\/fr\/#organization"},"potentialAction":[{"@type":"SearchAction","target":{"@type":"EntryPoint","urlTemplate":"https:\/\/rhu-shiva.com\/fr\/?s={search_term_string}"},"query-input":"required name=search_term_string"}],"inLanguage":"fr-FR"},{"@type":"Organization","@id":"https:\/\/rhu-shiva.com\/fr\/#organization","name":"RHU SHIVA","url":"https:\/\/rhu-shiva.com\/fr\/","logo":{"@type":"ImageObject","inLanguage":"fr-FR","@id":"https:\/\/rhu-shiva.com\/fr\/#\/schema\/logo\/image\/","url":"https:\/\/rhu-shiva.com\/fr\/wp-content\/uploads\/sites\/5\/2020\/06\/logo_grand_light_blue.png","contentUrl":"https:\/\/rhu-shiva.com\/fr\/wp-content\/uploads\/sites\/5\/2020\/06\/logo_grand_light_blue.png","width":501,"height":501,"caption":"RHU SHIVA"},"image":{"@id":"https:\/\/rhu-shiva.com\/fr\/#\/schema\/logo\/image\/"},"sameAs":["https:\/\/twitter.com\/RHU_SHiVA"]}]}},"_links":{"self":[{"href":"https:\/\/rhu-shiva.com\/fr\/wp-json\/wp\/v2\/pages\/1300"}],"collection":[{"href":"https:\/\/rhu-shiva.com\/fr\/wp-json\/wp\/v2\/pages"}],"about":[{"href":"https:\/\/rhu-shiva.com\/fr\/wp-json\/wp\/v2\/types\/page"}],"author":[{"embeddable":true,"href":"https:\/\/rhu-shiva.com\/fr\/wp-json\/wp\/v2\/users\/1"}],"replies":[{"embeddable":true,"href":"https:\/\/rhu-shiva.com\/fr\/wp-json\/wp\/v2\/comments?post=1300"}],"version-history":[{"count":2,"href":"https:\/\/rhu-shiva.com\/fr\/wp-json\/wp\/v2\/pages\/1300\/revisions"}],"predecessor-version":[{"id":1302,"href":"https:\/\/rhu-shiva.com\/fr\/wp-json\/wp\/v2\/pages\/1300\/revisions\/1302"}],"wp:attachment":[{"href":"https:\/\/rhu-shiva.com\/fr\/wp-json\/wp\/v2\/media?parent=1300"}],"curies":[{"name":"wp","href":"https:\/\/api.w.org\/{rel}","templated":true}]}}