{"id":3,"date":"2020-04-27T00:44:13","date_gmt":"2020-04-27T00:44:13","guid":{"rendered":"https:\/\/shiva.qwetle.fr\/?page_id=3"},"modified":"2020-11-25T17:44:33","modified_gmt":"2020-11-25T16:44:33","slug":"privacy-policy","status":"publish","type":"page","link":"https:\/\/rhu-shiva.com\/en\/privacy-policy\/","title":{"rendered":"Privacy Policy"},"content":{"rendered":"\n<h2 class=\"wp-block-heading\">Introduction<\/h2>\n\n\n\n<p>Dans le cadre de son activit\u00e9, le Consortium du projet RHU SHIVA, dont l\u2019\u00e9quipe de gestion est situ\u00e9e au Centre Bordeaux Population Health (BPH) \u2013 Inserm U1219 &#8211; Universit\u00e9 de Bordeaux &#8211; 146 rue L\u00e9o Saignat 33076 BORDEAUX Cedex, est amen\u00e9 \u00e0 collecter et \u00e0 traiter des informations dont certaines sont qualifi\u00e9es de \u00ab\u00a0donn\u00e9es personnelles\u00a0\u00bb.<\/p>\n\n\n\n<p>Le RHU SHIVA attache une grande importance au respect de la vie priv\u00e9e, et n\u2019utilise que des donnes de mani\u00e8re responsable et confidentielle et dans une finalit\u00e9  pr\u00e9cise. Les donn\u00e9es collect\u00e9es seront trait\u00e9es suivant le r\u00e8glement n\u1d52 2016\/679, dit r\u00e8glement g\u00e9n\u00e9ral sur la protection des donn\u00e9es (RGPD), r\u00e8glement de l&rsquo;Union europ\u00e9enne qui constitue le texte de r\u00e9f\u00e9rence en mati\u00e8re de protection des donn\u00e9es \u00e0 caract\u00e8re personnel.<\/p>\n\n\n\n<h2 class=\"wp-block-heading\">Donn\u00e9es personnelles<\/h2>\n\n\n\n<p>Sur le site web rhu-shiva.com, il y a 2 types de donn\u00e9es susceptibles d\u2019\u00eatre recueillies :<\/p>\n\n\n\n<h3 class=\"wp-block-heading\">Les donn\u00e9es transmises directement<\/h3>\n\n\n\n<p>Ces donn\u00e9es sont celles que vous nous transmettez directement, via un formulaire de contact ou bien par contact direct par email. Sont obligatoires dans le formulaire de contact les champs \u00ab <em>nom <\/em>\u00bb, \u00ab <em>email <\/em>\u00bb et \u00ab <em>message <\/em>\u00bb.<\/p>\n\n\n\n<h3 class=\"wp-block-heading\">Les donn\u00e9es collect\u00e9es automatiquement<\/h3>\n\n\n\n<p>Lors de vos visites, une fois votre consentement donn\u00e9, nous pouvons recueillir des informations de type \u00ab web analytics \u00bb relatives \u00e0 votre navigation, la dur\u00e9e de votre consultation, votre adresse IP, votre type et version de navigateur. La technologie utilis\u00e9e est le cookie.<\/p>\n\n\n\n<h2 class=\"wp-block-heading\">Utilisation des donn\u00e9es<\/h2>\n\n\n\n<p>Les donn\u00e9es que vous nous transmettez&nbsp;directement (par formulaire ou email direct) sont utilis\u00e9es dans le but de vous recontacter et\/ou dans le cadre de la demande que vous nous faites.<\/p>\n\n\n\n<p>Les donn\u00e9es \u00ab web analytics \u00bb sont collect\u00e9es de forme anonyme (en enregistrant des adresses IP anonymes) par Google Analytics, et nous permettent de mesurer l&rsquo;audience de notre site web, les consultations et les \u00e9ventuelles erreurs afin d\u2019am\u00e9liorer constamment l\u2019exp\u00e9rience des utilisateurs. Ces donn\u00e9es sont utilis\u00e9es par le Consortium du projet RHU SHIVA, responsable du traitement des donn\u00e9es, et ne seront jamais c\u00e9d\u00e9es \u00e0 un tiers ni utilis\u00e9es \u00e0 d\u2019autres fins que celles d\u00e9taill\u00e9es ci-dessus.<\/p>\n\n\n\n<h2 class=\"wp-block-heading\">Base l\u00e9gale<\/h2>\n\n\n\n<p>Comme le stipule le RGPD, les donn\u00e9es personnelles ne sont collect\u00e9es qu\u2019apr\u00e8s consentement obligatoire de l\u2019utilisateur. Ce consentement est valablement recueilli (boutons et cases \u00e0 cocher), libre, clair et sans \u00e9quivoque.<\/p>\n\n\n\n<h3 class=\"wp-block-heading\">Dur\u00e9e de conservation<\/h3>\n\n\n\n<p>Les donn\u00e9es seront sauvegard\u00e9es durant la dur\u00e9e du projet (maximum 6 ans).<\/p>\n\n\n\n<h2 class=\"wp-block-heading\">Vos droits concernant les donn\u00e9es personnelles<\/h2>\n\n\n\n<p>En vertu de la loi Informatique et Libert\u00e9s, en date du 6 janvier 1978, l&rsquo;Utilisateur dispose d&rsquo;un droit d&rsquo;acc\u00e8s, de rectification, de suppression et d&rsquo;opposition de ses donn\u00e9es personnelles. L&rsquo;Utilisateur exerce ce droit par l\u2019envoi d\u2019un courrier \u00e9crit \u00e0 l\u2019\u00e9quipe de gestion SHIVA. Vous pouvez \u00e9galement retirer votre consentement au traitement de vos donn\u00e9es.<\/p>\n\n\n\n<h3 class=\"wp-block-heading\"><strong>Point de contact sur les questions de protection des donn\u00e9es personnelles<\/strong><\/h3>\n\n\n\n<p>Equipe de Gestion RHU SHIVA \u2013 <a href=\"mailto:rhu-shiva@u-bordeaux.fr\" target=\"_blank\" rel=\"noreferrer noopener\">rhu-shiva@u-bordeaux.fr<\/a><\/p>\n\n\n\n<hr class=\"wp-block-separator\"\/>\n\n\n\n<div class=\"wp-block-image\"><figure class=\"aligncenter size-large is-resized\"><img loading=\"lazy\" decoding=\"async\" src=\"https:\/\/rhu-shiva.com\/en\/wp-content\/uploads\/sites\/6\/2020\/06\/SHIVA_partners-1.png\" alt=\"pictogramme partenaires\" class=\"wp-image-274\" width=\"239\" height=\"239\" srcset=\"https:\/\/rhu-shiva.com\/en\/wp-content\/uploads\/sites\/6\/2020\/06\/SHIVA_partners-1.png 500w, https:\/\/rhu-shiva.com\/en\/wp-content\/uploads\/sites\/6\/2020\/06\/SHIVA_partners-1-300x300.png 300w, https:\/\/rhu-shiva.com\/en\/wp-content\/uploads\/sites\/6\/2020\/06\/SHIVA_partners-1-150x150.png 150w, https:\/\/rhu-shiva.com\/en\/wp-content\/uploads\/sites\/6\/2020\/06\/SHIVA_partners-1-146x146.png 146w, https:\/\/rhu-shiva.com\/en\/wp-content\/uploads\/sites\/6\/2020\/06\/SHIVA_partners-1-50x50.png 50w, https:\/\/rhu-shiva.com\/en\/wp-content\/uploads\/sites\/6\/2020\/06\/SHIVA_partners-1-75x75.png 75w, https:\/\/rhu-shiva.com\/en\/wp-content\/uploads\/sites\/6\/2020\/06\/SHIVA_partners-1-85x85.png 85w, https:\/\/rhu-shiva.com\/en\/wp-content\/uploads\/sites\/6\/2020\/06\/SHIVA_partners-1-80x80.png 80w\" sizes=\"(max-width: 239px) 100vw, 239px\" \/><\/figure><\/div>\n\n\n\n<hr class=\"wp-block-separator\"\/>\n","protected":false},"excerpt":{"rendered":"<p>Introduction Dans le cadre de son activit\u00e9, le Consortium du projet RHU SHIVA, dont l\u2019\u00e9quipe de gestion est situ\u00e9e au Centre Bordeaux Population Health (BPH) \u2013<span class=\"excerpt-hellip\"> [\u2026]<\/span><\/p>\n","protected":false},"author":1,"featured_media":0,"parent":0,"menu_order":0,"comment_status":"closed","ping_status":"open","template":"","meta":{"inline_featured_image":false,"footnotes":""},"yoast_head":"<!-- This site is optimized with the Yoast SEO plugin v21.8 - https:\/\/yoast.com\/wordpress\/plugins\/seo\/ -->\n<title>Privacy Policy | RHU SHIVA<\/title>\n<meta name=\"robots\" content=\"noindex, follow\" \/>\n<meta property=\"og:locale\" content=\"fr_FR\" \/>\n<meta property=\"og:type\" content=\"article\" \/>\n<meta property=\"og:title\" content=\"Privacy Policy | RHU SHIVA\" \/>\n<meta property=\"og:description\" content=\"Introduction Dans le cadre de son activit\u00e9, le Consortium du projet RHU SHIVA, dont l\u2019\u00e9quipe de gestion est situ\u00e9e au Centre Bordeaux Population Health (BPH) \u2013 [\u2026]\" \/>\n<meta property=\"og:url\" content=\"https:\/\/rhu-shiva.com\/en\/privacy-policy\/\" \/>\n<meta property=\"og:site_name\" content=\"RHU SHIVA\" \/>\n<meta property=\"article:modified_time\" content=\"2020-11-25T16:44:33+00:00\" \/>\n<meta property=\"og:image\" content=\"https:\/\/rhu-shiva.com\/en\/wp-content\/uploads\/sites\/6\/2020\/06\/SHIVA_partners-1.png\" \/>\n<meta name=\"twitter:card\" content=\"summary_large_image\" \/>\n<meta name=\"twitter:label1\" content=\"Dur\u00e9e de lecture estim\u00e9e\" \/>\n\t<meta name=\"twitter:data1\" content=\"3 minutes\" \/>\n<script type=\"application\/ld+json\" class=\"yoast-schema-graph\">{\"@context\":\"https:\/\/schema.org\",\"@graph\":[{\"@type\":\"WebPage\",\"@id\":\"https:\/\/rhu-shiva.com\/en\/privacy-policy\/\",\"url\":\"https:\/\/rhu-shiva.com\/en\/privacy-policy\/\",\"name\":\"Privacy Policy | RHU SHIVA\",\"isPartOf\":{\"@id\":\"https:\/\/rhu-shiva.com\/en\/#website\"},\"datePublished\":\"2020-04-27T00:44:13+00:00\",\"dateModified\":\"2020-11-25T16:44:33+00:00\",\"breadcrumb\":{\"@id\":\"https:\/\/rhu-shiva.com\/en\/privacy-policy\/#breadcrumb\"},\"inLanguage\":\"fr-FR\",\"potentialAction\":[{\"@type\":\"ReadAction\",\"target\":[\"https:\/\/rhu-shiva.com\/en\/privacy-policy\/\"]}]},{\"@type\":\"BreadcrumbList\",\"@id\":\"https:\/\/rhu-shiva.com\/en\/privacy-policy\/#breadcrumb\",\"itemListElement\":[{\"@type\":\"ListItem\",\"position\":1,\"name\":\"Accueil\",\"item\":\"https:\/\/rhu-shiva.com\/en\/\"},{\"@type\":\"ListItem\",\"position\":2,\"name\":\"Privacy Policy\"}]},{\"@type\":\"WebSite\",\"@id\":\"https:\/\/rhu-shiva.com\/en\/#website\",\"url\":\"https:\/\/rhu-shiva.com\/en\/\",\"name\":\"RHU SHIVA\",\"description\":\"Stopping cognitive decline and dementia by fighting covert cerebral small vessel disease\",\"publisher\":{\"@id\":\"https:\/\/rhu-shiva.com\/en\/#organization\"},\"potentialAction\":[{\"@type\":\"SearchAction\",\"target\":{\"@type\":\"EntryPoint\",\"urlTemplate\":\"https:\/\/rhu-shiva.com\/en\/?s={search_term_string}\"},\"query-input\":\"required name=search_term_string\"}],\"inLanguage\":\"fr-FR\"},{\"@type\":\"Organization\",\"@id\":\"https:\/\/rhu-shiva.com\/en\/#organization\",\"name\":\"RHU SHIVA\",\"url\":\"https:\/\/rhu-shiva.com\/en\/\",\"logo\":{\"@type\":\"ImageObject\",\"inLanguage\":\"fr-FR\",\"@id\":\"https:\/\/rhu-shiva.com\/en\/#\/schema\/logo\/image\/\",\"url\":\"https:\/\/rhu-shiva.com\/en\/wp-content\/uploads\/sites\/6\/2020\/06\/logo_grand_light_blue.png\",\"contentUrl\":\"https:\/\/rhu-shiva.com\/en\/wp-content\/uploads\/sites\/6\/2020\/06\/logo_grand_light_blue.png\",\"width\":501,\"height\":501,\"caption\":\"RHU SHIVA\"},\"image\":{\"@id\":\"https:\/\/rhu-shiva.com\/en\/#\/schema\/logo\/image\/\"}}]}<\/script>\n<!-- \/ Yoast SEO plugin. -->","yoast_head_json":{"title":"Privacy Policy | RHU SHIVA","robots":{"index":"noindex","follow":"follow"},"og_locale":"fr_FR","og_type":"article","og_title":"Privacy Policy | RHU SHIVA","og_description":"Introduction Dans le cadre de son activit\u00e9, le Consortium du projet RHU SHIVA, dont l\u2019\u00e9quipe de gestion est situ\u00e9e au Centre Bordeaux Population Health (BPH) \u2013 [\u2026]","og_url":"https:\/\/rhu-shiva.com\/en\/privacy-policy\/","og_site_name":"RHU SHIVA","article_modified_time":"2020-11-25T16:44:33+00:00","og_image":[{"url":"https:\/\/rhu-shiva.com\/en\/wp-content\/uploads\/sites\/6\/2020\/06\/SHIVA_partners-1.png"}],"twitter_card":"summary_large_image","twitter_misc":{"Dur\u00e9e de lecture estim\u00e9e":"3 minutes"},"schema":{"@context":"https:\/\/schema.org","@graph":[{"@type":"WebPage","@id":"https:\/\/rhu-shiva.com\/en\/privacy-policy\/","url":"https:\/\/rhu-shiva.com\/en\/privacy-policy\/","name":"Privacy Policy | RHU SHIVA","isPartOf":{"@id":"https:\/\/rhu-shiva.com\/en\/#website"},"datePublished":"2020-04-27T00:44:13+00:00","dateModified":"2020-11-25T16:44:33+00:00","breadcrumb":{"@id":"https:\/\/rhu-shiva.com\/en\/privacy-policy\/#breadcrumb"},"inLanguage":"fr-FR","potentialAction":[{"@type":"ReadAction","target":["https:\/\/rhu-shiva.com\/en\/privacy-policy\/"]}]},{"@type":"BreadcrumbList","@id":"https:\/\/rhu-shiva.com\/en\/privacy-policy\/#breadcrumb","itemListElement":[{"@type":"ListItem","position":1,"name":"Accueil","item":"https:\/\/rhu-shiva.com\/en\/"},{"@type":"ListItem","position":2,"name":"Privacy Policy"}]},{"@type":"WebSite","@id":"https:\/\/rhu-shiva.com\/en\/#website","url":"https:\/\/rhu-shiva.com\/en\/","name":"RHU SHIVA","description":"Stopping cognitive decline and dementia by fighting covert cerebral small vessel disease","publisher":{"@id":"https:\/\/rhu-shiva.com\/en\/#organization"},"potentialAction":[{"@type":"SearchAction","target":{"@type":"EntryPoint","urlTemplate":"https:\/\/rhu-shiva.com\/en\/?s={search_term_string}"},"query-input":"required name=search_term_string"}],"inLanguage":"fr-FR"},{"@type":"Organization","@id":"https:\/\/rhu-shiva.com\/en\/#organization","name":"RHU SHIVA","url":"https:\/\/rhu-shiva.com\/en\/","logo":{"@type":"ImageObject","inLanguage":"fr-FR","@id":"https:\/\/rhu-shiva.com\/en\/#\/schema\/logo\/image\/","url":"https:\/\/rhu-shiva.com\/en\/wp-content\/uploads\/sites\/6\/2020\/06\/logo_grand_light_blue.png","contentUrl":"https:\/\/rhu-shiva.com\/en\/wp-content\/uploads\/sites\/6\/2020\/06\/logo_grand_light_blue.png","width":501,"height":501,"caption":"RHU SHIVA"},"image":{"@id":"https:\/\/rhu-shiva.com\/en\/#\/schema\/logo\/image\/"}}]}},"_links":{"self":[{"href":"https:\/\/rhu-shiva.com\/en\/wp-json\/wp\/v2\/pages\/3"}],"collection":[{"href":"https:\/\/rhu-shiva.com\/en\/wp-json\/wp\/v2\/pages"}],"about":[{"href":"https:\/\/rhu-shiva.com\/en\/wp-json\/wp\/v2\/types\/page"}],"author":[{"embeddable":true,"href":"https:\/\/rhu-shiva.com\/en\/wp-json\/wp\/v2\/users\/1"}],"replies":[{"embeddable":true,"href":"https:\/\/rhu-shiva.com\/en\/wp-json\/wp\/v2\/comments?post=3"}],"version-history":[{"count":1,"href":"https:\/\/rhu-shiva.com\/en\/wp-json\/wp\/v2\/pages\/3\/revisions"}],"predecessor-version":[{"id":805,"href":"https:\/\/rhu-shiva.com\/en\/wp-json\/wp\/v2\/pages\/3\/revisions\/805"}],"wp:attachment":[{"href":"https:\/\/rhu-shiva.com\/en\/wp-json\/wp\/v2\/media?parent=3"}],"curies":[{"name":"wp","href":"https:\/\/api.w.org\/{rel}","templated":true}]}}